{"id":21837,"date":"2023-02-15T22:08:41","date_gmt":"2023-02-15T21:08:41","guid":{"rendered":"https:\/\/radioleinewelle.de\/?page_id=21837"},"modified":"2026-03-24T21:27:10","modified_gmt":"2026-03-24T20:27:10","slug":"empfang","status":"publish","type":"page","link":"https:\/\/radioleinewelle.de\/index.php\/empfang\/","title":{"rendered":"Empfang"},"content":{"rendered":"<\/p>\n\n\n<\/p>\n<h3 class=\"wp-block-heading\"><strong>Digitalradio DVB-C \u00fcber das Kabelnetz von Vodafone Deutschland:<\/strong><\/h3>\n<p>\n\n\n<\/p>\n\n\n<\/p>\n<figure><img decoding=\"async\" src=\"https:\/\/radioleinewelle.de\/wp-content\/uploads\/2023\/02\/B81AC0869959487397D3E52980C3949E.png\" alt=\"\"><\/figure>\n<p>\n\n\n\n\n\n<p>Radio Leinewelle ist im Vodafone-Kabelnetz weiter auf Sendung.<\/p>\n\n\n\n<p>Bereits erfolgt sind die Umstellungen in folgenden Gebieten:<\/p>\n\n\n\n<p><strong>Am 03. Dezember 2025:<\/strong><br><strong>Herzberg am Harz und Umgebung<\/strong><\/p>\n\n\n\n<p><strong>Am 20. Januar 2026:<\/strong><br><strong>Holzminden und Umgebung<\/strong><\/p>\n\n\n\n<p>Mit der n\u00e4chsten Umstellung am <strong>15. April 2026<\/strong> kommt Radio Leinewelle dann zus\u00e4tzlich in weitere Orte und Regionen im Vodafone-Kabelnetz, darunter:<\/p>\n\n\n\n<p>Bad Gandersheim, Bad Grund, Bad Lauterberg im Harz, Bad Sachsa, Bevern, Bodenwerder, Bovenden, Braunlage, Clausthal-Zellerfeld, Dassel, Dransfeld, Duderstadt, Einbeck, Elbingerode, Eschershausen, Golmbach, Goslar (nur Hahnenklee-Bockswiese), G\u00f6ttingen, Hann. M\u00fcnden, Hardegsen, Hattorf am Harz, Kalefeld, Landolfshausen, Langelsheim (nur Lautenthal), Moringen, Negenborn, Niemetal, Northeim, N\u00f6rten-Hardenberg, Osterode am Harz, Rosdorf, Seesen, Stadtoldendorf, Uslar, Walkenried und Wieda.<\/p>\n\n\n\n<p>Wir freuen uns, dass Radio Leinewelle damit Schritt f\u00fcr Schritt \u00fcber das Vodafone-Kabelnetz in immer mehr Orten der Region empfangbar wird.<\/p>\n\n\n<\/p>\n\n\n<\/p>\n<h3 class=\"wp-block-heading\"><strong>Livestream:<\/strong><\/h3>\n<p>\n\n\n<\/p>\n\n\n<\/p>\n<p>\u00dcber unseren kostenlosen Livestream kannst du uns immer und (fast) \u00fcberall h\u00f6ren. Nutze dazu einfach den Webplayer, den du oben auf der rechten Seite findest. Der Stream ist 24\/7 erreichbar und mit nahezu jedem internetf\u00e4higen Endger\u00e4t \u2013 auch mit den meisten Smartphones \u2013 nutzbar.<\/p>\n<p>\n\n\n<\/p>\n\n\n<\/p>\n<p><strong>Der Stream ist in folgenden Bitraten verf\u00fcgbar:<\/strong><\/p>\n<p>\n\n\n<\/p>\n\n\n<\/p>\n<p><strong>MP3 192 kbit\/s:<\/strong><strong><br><\/strong>High Quality-Stream, geeignet f\u00fcr Internetanschl\u00fcsse ab DSL 2000:<\/p>\n<p>Direkte URL f\u00fcr Internetradios und alternative Player:<\/p>\n<p>http:\/\/stream.radioleinewelle.de:80\/leinewelle.mp3&nbsp;<br><\/p>\n<p>Oder klickt direkt den Button:<\/p>\n<p>\n\n\n<\/p>\n<p>\t<a href=\"https:\/\/stream.clubfm.de\/leinewelle.mp3\">Play Leinewelle MP3 Stream<\/a><\/p>\n<p>Radio Leinewelle ist bei allen g\u00e4ngigen Radioportalen (z.B. TuneIn, Radio.de, Phonostar, vTuner,\u2026) gelistet. Im Festnetz der Telekom empf\u00e4ngst du uns \u00fcber Entertain.<\/p>\n<\/p>\n<p>Auch mit dem Smart Speaker kannst du uns problemlos h\u00f6ren. Sage dazu einfach:<\/p>\n<\/p>\n<p><em>\u201eAlexa, spiele Radio Leinewelle\u201c<\/em>&nbsp;bzw.&nbsp;<em>\u201eOK Google, spiele Radio Leinewelle\u201c<\/em>.<\/p>\n<p><strong>HE-AAC 64 kbit\/s:<br \/><\/strong>High Efficienty-Stream, geeignet f\u00fcr langsame Anschl\u00fcsse und das H\u00f6ren unterwegs. Arbeitet mit dem auch bei DAB+ eingesetzten HE-AAC Codec und funktioniert aufgrund der geringen ben\u00f6tigten Bitrate in der Regel auch bei gedrosseltem mobilen Datenvolumen:<\/p>\n<\/p>\n<p>Direkte URL f\u00fcr Internetradios und alternative Player:<\/p>\n<p>http:\/\/stream.radioleinewelle.de:80\/leinewelle.aac<\/p>\n<p>Oder klickt direkt den Button:<\/p>\n<p>\t<a href=\"https:\/\/stream.clubfm.de\/leinewelle.aac\">Play Leinewelle AAC Stream<\/a><\/p>\n<h3><strong>Digitalradio DAB+ \u00fcber das Glasfasernetz der Stadtnetz Bamberg (RF-Overlay):<\/strong><\/h3>\n<\/p>\n<figure><img decoding=\"async\" src=\"https:\/\/radioleinewelle.de\/wp-content\/uploads\/2023\/02\/CA4ABA4A4C1043BB99795E9A7332CDF7.png\" alt=\"\"><\/figure>\n<\/p>\n<p><strong>Kanal:<\/strong>&nbsp;12A<br \/><strong>Mittenfrequenz:<\/strong>&nbsp;223,936 MHz<br \/><strong>Multiplex:<\/strong>&nbsp;Bamberg lokal<br \/><strong>Label:<\/strong>&nbsp;Radio Leinewelle<br \/><strong>Codec:<\/strong>&nbsp;AAC-LC<br \/><strong>Bitrate:<\/strong>&nbsp;144 kbit\/s<\/p>\n<\/p>\n<p><strong>Empfangsgebiet:<\/strong>&nbsp;Altendorf, Bamberg, Buttenheim, Forchheim, Pettstadt,\u2026 (\u00fcberall da, wo auch das TV-Signal der Stadtnetz Bamberg verf\u00fcgbar ist).<\/p>\n<\/p>\n<p>Hinweis: Durch die Nutzung des Livestreams auf mobilen Ger\u00e4ten k\u00f6nnen \u2013 abh\u00e4ngig von Provider und verwendetem Tarif&nbsp; \u2013 unter Umst\u00e4nden Kosten f\u00fcr die Daten\u00fcbertragung anfallen. Hierauf haben wir keinerlei Einfluss. Radio Leinwelle ist ein nichtkommerzielles Radioprogramm. Alle \u00f6ffentlichen Verbreitungswege von Radio Leinewelle sind bei GEMA und GVL sowie den zust\u00e4ndigen Regulierungsbeh\u00f6rden lizenziert. Alle Angaben zu den auf dieser Seite aufgelisteten Empfangswegen sind ohne Gew\u00e4hr.<\/p>","protected":false},"excerpt":{"rendered":"<p>Digitalradio DVB-C \u00fcber das Kabelnetz von Vodafone Deutschland: Radio Leinewelle ist im Vodafone-Kabelnetz weiter auf Sendung. Bereits erfolgt sind die Umstellungen in folgenden Gebieten: Am 03. Dezember 2025:Herzberg am Harz und Umgebung Am 20. Januar 2026:Holzminden und Umgebung Mit der n\u00e4chsten Umstellung am 15. April 2026 kommt Radio Leinewelle dann zus\u00e4tzlich in weitere Orte und [&hellip;]<\/p>\n","protected":false},"author":1,"featured_media":0,"parent":0,"menu_order":0,"comment_status":"closed","ping_status":"closed","template":"page-empfang-template","meta":{"saved_in_kubio":true,"footnotes":""},"class_list":["post-21837","page","type-page","status-publish","hentry"],"kubio_ai_page_context":{"short_desc":"","purpose":"general"},"yoast_head":"<!-- This site is optimized with the Yoast SEO plugin v27.4 - https:\/\/yoast.com\/product\/yoast-seo-wordpress\/ -->\n<title>Empfang - Radio Leinewelle<\/title>\n<meta name=\"robots\" content=\"index, follow, max-snippet:-1, max-image-preview:large, max-video-preview:-1\" \/>\n<link rel=\"canonical\" href=\"https:\/\/radioleinewelle.de\/index.php\/empfang\/\" \/>\n<meta property=\"og:locale\" content=\"de_DE\" \/>\n<meta property=\"og:type\" content=\"article\" \/>\n<meta property=\"og:title\" content=\"Empfang - Radio Leinewelle\" \/>\n<meta property=\"og:description\" content=\"Digitalradio DVB-C \u00fcber das Kabelnetz von Vodafone Deutschland: Radio Leinewelle ist im Vodafone-Kabelnetz weiter auf Sendung. Bereits erfolgt sind die Umstellungen in folgenden Gebieten: Am 03. Dezember 2025:Herzberg am Harz und Umgebung Am 20. Januar 2026:Holzminden und Umgebung Mit der n\u00e4chsten Umstellung am 15. April 2026 kommt Radio Leinewelle dann zus\u00e4tzlich in weitere Orte und [&hellip;]\" \/>\n<meta property=\"og:url\" content=\"https:\/\/radioleinewelle.de\/index.php\/empfang\/\" \/>\n<meta property=\"og:site_name\" content=\"Radio Leinewelle\" \/>\n<meta property=\"article:publisher\" content=\"https:\/\/www.facebook.com\/radioleinewelle\" \/>\n<meta property=\"article:modified_time\" content=\"2026-03-24T20:27:10+00:00\" \/>\n<meta property=\"og:image\" content=\"https:\/\/radioleinewelle.de\/wp-content\/uploads\/2023\/02\/B81AC0869959487397D3E52980C3949E.png\" \/>\n<meta name=\"twitter:card\" content=\"summary_large_image\" \/>\n<meta name=\"twitter:site\" content=\"@RLeinewelle\" \/>\n<meta name=\"twitter:label1\" content=\"Gesch\u00e4tzte Lesezeit\" \/>\n\t<meta name=\"twitter:data1\" content=\"3\u00a0Minuten\" \/>\n<script type=\"application\/ld+json\" class=\"yoast-schema-graph\">{\"@context\":\"https:\\\/\\\/schema.org\",\"@graph\":[{\"@type\":\"WebPage\",\"@id\":\"https:\\\/\\\/radioleinewelle.de\\\/index.php\\\/empfang\\\/\",\"url\":\"https:\\\/\\\/radioleinewelle.de\\\/index.php\\\/empfang\\\/\",\"name\":\"Empfang - Radio Leinewelle\",\"isPartOf\":{\"@id\":\"https:\\\/\\\/radioleinewelle.de\\\/#website\"},\"primaryImageOfPage\":{\"@id\":\"https:\\\/\\\/radioleinewelle.de\\\/index.php\\\/empfang\\\/#primaryimage\"},\"image\":{\"@id\":\"https:\\\/\\\/radioleinewelle.de\\\/index.php\\\/empfang\\\/#primaryimage\"},\"thumbnailUrl\":\"https:\\\/\\\/radioleinewelle.de\\\/wp-content\\\/uploads\\\/2023\\\/02\\\/B81AC0869959487397D3E52980C3949E.png\",\"datePublished\":\"2023-02-15T21:08:41+00:00\",\"dateModified\":\"2026-03-24T20:27:10+00:00\",\"breadcrumb\":{\"@id\":\"https:\\\/\\\/radioleinewelle.de\\\/index.php\\\/empfang\\\/#breadcrumb\"},\"inLanguage\":\"de\",\"potentialAction\":[{\"@type\":\"ReadAction\",\"target\":[\"https:\\\/\\\/radioleinewelle.de\\\/index.php\\\/empfang\\\/\"]}]},{\"@type\":\"ImageObject\",\"inLanguage\":\"de\",\"@id\":\"https:\\\/\\\/radioleinewelle.de\\\/index.php\\\/empfang\\\/#primaryimage\",\"url\":\"https:\\\/\\\/radioleinewelle.de\\\/wp-content\\\/uploads\\\/2023\\\/02\\\/B81AC0869959487397D3E52980C3949E.png\",\"contentUrl\":\"https:\\\/\\\/radioleinewelle.de\\\/wp-content\\\/uploads\\\/2023\\\/02\\\/B81AC0869959487397D3E52980C3949E.png\",\"width\":200,\"height\":61},{\"@type\":\"BreadcrumbList\",\"@id\":\"https:\\\/\\\/radioleinewelle.de\\\/index.php\\\/empfang\\\/#breadcrumb\",\"itemListElement\":[{\"@type\":\"ListItem\",\"position\":1,\"name\":\"Startseite\",\"item\":\"https:\\\/\\\/radioleinewelle.de\\\/\"},{\"@type\":\"ListItem\",\"position\":2,\"name\":\"Empfang\"}]},{\"@type\":\"WebSite\",\"@id\":\"https:\\\/\\\/radioleinewelle.de\\\/#website\",\"url\":\"https:\\\/\\\/radioleinewelle.de\\\/\",\"name\":\"Radio Leinewelle\",\"description\":\"\",\"publisher\":{\"@id\":\"https:\\\/\\\/radioleinewelle.de\\\/#organization\"},\"potentialAction\":[{\"@type\":\"SearchAction\",\"target\":{\"@type\":\"EntryPoint\",\"urlTemplate\":\"https:\\\/\\\/radioleinewelle.de\\\/?s={search_term_string}\"},\"query-input\":{\"@type\":\"PropertyValueSpecification\",\"valueRequired\":true,\"valueName\":\"search_term_string\"}}],\"inLanguage\":\"de\"},{\"@type\":\"Organization\",\"@id\":\"https:\\\/\\\/radioleinewelle.de\\\/#organization\",\"name\":\"Radio Leinewelle\",\"alternateName\":\"Mein Radio f\u00fcr S\u00fcdniedersachsen\",\"url\":\"https:\\\/\\\/radioleinewelle.de\\\/\",\"logo\":{\"@type\":\"ImageObject\",\"inLanguage\":\"de\",\"@id\":\"https:\\\/\\\/radioleinewelle.de\\\/#\\\/schema\\\/logo\\\/image\\\/\",\"url\":\"https:\\\/\\\/radioleinewelle.de\\\/wp-content\\\/uploads\\\/2023\\\/11\\\/cropped-Leinewelle_Logo_weiss.png\",\"contentUrl\":\"https:\\\/\\\/radioleinewelle.de\\\/wp-content\\\/uploads\\\/2023\\\/11\\\/cropped-Leinewelle_Logo_weiss.png\",\"width\":854,\"height\":260,\"caption\":\"Radio Leinewelle\"},\"image\":{\"@id\":\"https:\\\/\\\/radioleinewelle.de\\\/#\\\/schema\\\/logo\\\/image\\\/\"},\"sameAs\":[\"https:\\\/\\\/www.facebook.com\\\/radioleinewelle\",\"https:\\\/\\\/x.com\\\/RLeinewelle\",\"https:\\\/\\\/www.instagram.com\\\/radioleinewelle\\\/?hl=de\"]}]}<\/script>\n<!-- \/ Yoast SEO plugin. -->","yoast_head_json":{"title":"Empfang - Radio Leinewelle","robots":{"index":"index","follow":"follow","max-snippet":"max-snippet:-1","max-image-preview":"max-image-preview:large","max-video-preview":"max-video-preview:-1"},"canonical":"https:\/\/radioleinewelle.de\/index.php\/empfang\/","og_locale":"de_DE","og_type":"article","og_title":"Empfang - Radio Leinewelle","og_description":"Digitalradio DVB-C \u00fcber das Kabelnetz von Vodafone Deutschland: Radio Leinewelle ist im Vodafone-Kabelnetz weiter auf Sendung. Bereits erfolgt sind die Umstellungen in folgenden Gebieten: Am 03. Dezember 2025:Herzberg am Harz und Umgebung Am 20. Januar 2026:Holzminden und Umgebung Mit der n\u00e4chsten Umstellung am 15. April 2026 kommt Radio Leinewelle dann zus\u00e4tzlich in weitere Orte und [&hellip;]","og_url":"https:\/\/radioleinewelle.de\/index.php\/empfang\/","og_site_name":"Radio Leinewelle","article_publisher":"https:\/\/www.facebook.com\/radioleinewelle","article_modified_time":"2026-03-24T20:27:10+00:00","og_image":[{"url":"https:\/\/radioleinewelle.de\/wp-content\/uploads\/2023\/02\/B81AC0869959487397D3E52980C3949E.png","type":"","width":"","height":""}],"twitter_card":"summary_large_image","twitter_site":"@RLeinewelle","twitter_misc":{"Gesch\u00e4tzte Lesezeit":"3\u00a0Minuten"},"schema":{"@context":"https:\/\/schema.org","@graph":[{"@type":"WebPage","@id":"https:\/\/radioleinewelle.de\/index.php\/empfang\/","url":"https:\/\/radioleinewelle.de\/index.php\/empfang\/","name":"Empfang - Radio Leinewelle","isPartOf":{"@id":"https:\/\/radioleinewelle.de\/#website"},"primaryImageOfPage":{"@id":"https:\/\/radioleinewelle.de\/index.php\/empfang\/#primaryimage"},"image":{"@id":"https:\/\/radioleinewelle.de\/index.php\/empfang\/#primaryimage"},"thumbnailUrl":"https:\/\/radioleinewelle.de\/wp-content\/uploads\/2023\/02\/B81AC0869959487397D3E52980C3949E.png","datePublished":"2023-02-15T21:08:41+00:00","dateModified":"2026-03-24T20:27:10+00:00","breadcrumb":{"@id":"https:\/\/radioleinewelle.de\/index.php\/empfang\/#breadcrumb"},"inLanguage":"de","potentialAction":[{"@type":"ReadAction","target":["https:\/\/radioleinewelle.de\/index.php\/empfang\/"]}]},{"@type":"ImageObject","inLanguage":"de","@id":"https:\/\/radioleinewelle.de\/index.php\/empfang\/#primaryimage","url":"https:\/\/radioleinewelle.de\/wp-content\/uploads\/2023\/02\/B81AC0869959487397D3E52980C3949E.png","contentUrl":"https:\/\/radioleinewelle.de\/wp-content\/uploads\/2023\/02\/B81AC0869959487397D3E52980C3949E.png","width":200,"height":61},{"@type":"BreadcrumbList","@id":"https:\/\/radioleinewelle.de\/index.php\/empfang\/#breadcrumb","itemListElement":[{"@type":"ListItem","position":1,"name":"Startseite","item":"https:\/\/radioleinewelle.de\/"},{"@type":"ListItem","position":2,"name":"Empfang"}]},{"@type":"WebSite","@id":"https:\/\/radioleinewelle.de\/#website","url":"https:\/\/radioleinewelle.de\/","name":"Radio Leinewelle","description":"","publisher":{"@id":"https:\/\/radioleinewelle.de\/#organization"},"potentialAction":[{"@type":"SearchAction","target":{"@type":"EntryPoint","urlTemplate":"https:\/\/radioleinewelle.de\/?s={search_term_string}"},"query-input":{"@type":"PropertyValueSpecification","valueRequired":true,"valueName":"search_term_string"}}],"inLanguage":"de"},{"@type":"Organization","@id":"https:\/\/radioleinewelle.de\/#organization","name":"Radio Leinewelle","alternateName":"Mein Radio f\u00fcr S\u00fcdniedersachsen","url":"https:\/\/radioleinewelle.de\/","logo":{"@type":"ImageObject","inLanguage":"de","@id":"https:\/\/radioleinewelle.de\/#\/schema\/logo\/image\/","url":"https:\/\/radioleinewelle.de\/wp-content\/uploads\/2023\/11\/cropped-Leinewelle_Logo_weiss.png","contentUrl":"https:\/\/radioleinewelle.de\/wp-content\/uploads\/2023\/11\/cropped-Leinewelle_Logo_weiss.png","width":854,"height":260,"caption":"Radio Leinewelle"},"image":{"@id":"https:\/\/radioleinewelle.de\/#\/schema\/logo\/image\/"},"sameAs":["https:\/\/www.facebook.com\/radioleinewelle","https:\/\/x.com\/RLeinewelle","https:\/\/www.instagram.com\/radioleinewelle\/?hl=de"]}]}},"_links":{"self":[{"href":"https:\/\/radioleinewelle.de\/index.php\/wp-json\/wp\/v2\/pages\/21837","targetHints":{"allow":["GET"]}}],"collection":[{"href":"https:\/\/radioleinewelle.de\/index.php\/wp-json\/wp\/v2\/pages"}],"about":[{"href":"https:\/\/radioleinewelle.de\/index.php\/wp-json\/wp\/v2\/types\/page"}],"author":[{"embeddable":true,"href":"https:\/\/radioleinewelle.de\/index.php\/wp-json\/wp\/v2\/users\/1"}],"replies":[{"embeddable":true,"href":"https:\/\/radioleinewelle.de\/index.php\/wp-json\/wp\/v2\/comments?post=21837"}],"version-history":[{"count":21,"href":"https:\/\/radioleinewelle.de\/index.php\/wp-json\/wp\/v2\/pages\/21837\/revisions"}],"predecessor-version":[{"id":30809,"href":"https:\/\/radioleinewelle.de\/index.php\/wp-json\/wp\/v2\/pages\/21837\/revisions\/30809"}],"wp:attachment":[{"href":"https:\/\/radioleinewelle.de\/index.php\/wp-json\/wp\/v2\/media?parent=21837"}],"curies":[{"name":"wp","href":"https:\/\/api.w.org\/{rel}","templated":true}]}}